{"id":302,"date":"2023-05-26T21:42:15","date_gmt":"2023-05-26T20:42:15","guid":{"rendered":"http:\/\/www.haagsma.frl\/?page_id=302"},"modified":"2023-12-11T10:30:51","modified_gmt":"2023-12-11T09:30:51","slug":"elementor-302","status":"publish","type":"page","link":"https:\/\/www.haagsma.frl\/","title":{"rendered":"Mieten?"},"content":{"rendered":"\t\t<div data-elementor-type=\"wp-page\" data-elementor-id=\"302\" class=\"elementor elementor-302\">\n\t\t\t\t\t\t<section class=\"elementor-section elementor-top-section elementor-element elementor-element-9de2aba elementor-section-boxed elementor-section-height-default elementor-section-height-default\" data-id=\"9de2aba\" data-element_type=\"section\">\n\t\t\t\t\t\t<div class=\"elementor-container elementor-column-gap-default\">\n\t\t\t\t\t<div class=\"elementor-column elementor-col-100 elementor-top-column elementor-element elementor-element-39440d1\" data-id=\"39440d1\" data-element_type=\"column\">\n\t\t\t<div class=\"elementor-widget-wrap elementor-element-populated\">\n\t\t\t\t\t\t<div class=\"elementor-element elementor-element-4888d0d elementor-widget__width-initial elementor-widget elementor-widget-text-editor\" data-id=\"4888d0d\" data-element_type=\"widget\" data-widget_type=\"text-editor.default\">\n\t\t\t\t<div class=\"elementor-widget-container\">\n\t\t\t\t\t\t\t<h4><strong>Sch\u00f6nes, komfortabel eingerichtetes Ferienhaus direkt am Heegermeer mit sch\u00f6ner Aussicht. Alle Einrichtungen befinden sich im Erdgeschoss. Das Haus ist komplett ausgestattet und ideal f\u00fcr 4 Personen. Das Wohnzimmer verf\u00fcgt \u00fcber eine gem\u00fctliche Sitzecke mit offener K\u00fcche und Essbereich. Von der Couch und von der Terrasse aus k\u00f6nnen Sie auf das Wasser blicken. Die Terrasse ist mit einem Sonnenschutz \u00fcber die gesamte Breite und einer Ausladung von 3 m ausgestattet. Au\u00dferdem gibt es einen Au\u00dfentisch und bequeme verstellbare Gartenst\u00fchle. F\u00fcnf Meter weiter ein Steg und dann der See. Kurzum: ein wundersch\u00f6ner Ort f\u00fcr einen wunderbaren Urlaub!<\/strong><\/h4>\t\t\t\t\t\t<\/div>\n\t\t\t\t<\/div>\n\t\t\t\t\t<\/div>\n\t\t<\/div>\n\t\t\t\t\t<\/div>\n\t\t<\/section>\n\t\t\t\t<section class=\"elementor-section elementor-top-section elementor-element elementor-element-c8979a7 elementor-section-boxed elementor-section-height-default elementor-section-height-default\" data-id=\"c8979a7\" data-element_type=\"section\">\n\t\t\t\t\t\t<div class=\"elementor-container elementor-column-gap-default\">\n\t\t\t\t\t<div class=\"elementor-column elementor-col-100 elementor-top-column elementor-element elementor-element-e855d35\" data-id=\"e855d35\" data-element_type=\"column\">\n\t\t\t<div class=\"elementor-widget-wrap elementor-element-populated\">\n\t\t\t\t\t\t<div class=\"elementor-element elementor-element-d97bbca elementor-widget elementor-widget-text-editor\" data-id=\"d97bbca\" data-element_type=\"widget\" data-widget_type=\"text-editor.default\">\n\t\t\t\t<div class=\"elementor-widget-container\">\n\t\t\t\t\t\t\t<h1>Mieten? <a href=\"https:\/\/zoekenboek.waterlandvanfriesland.nl\/de\/unterkunft\/it-eilan-h401\">Suchen sie hier weiter<\/a><\/h1>\t\t\t\t\t\t<\/div>\n\t\t\t\t<\/div>\n\t\t\t\t\t<\/div>\n\t\t<\/div>\n\t\t\t\t\t<\/div>\n\t\t<\/section>\n\t\t\t\t<section class=\"elementor-section elementor-top-section elementor-element elementor-element-2063c23 elementor-section-boxed elementor-section-height-default elementor-section-height-default\" data-id=\"2063c23\" data-element_type=\"section\">\n\t\t\t\t\t\t<div class=\"elementor-container elementor-column-gap-default\">\n\t\t\t\t\t<div class=\"elementor-column elementor-col-100 elementor-top-column elementor-element elementor-element-13dc525\" data-id=\"13dc525\" data-element_type=\"column\">\n\t\t\t<div class=\"elementor-widget-wrap elementor-element-populated\">\n\t\t\t\t\t\t<div class=\"elementor-element elementor-element-242ea25 elementor-widget elementor-widget-image\" data-id=\"242ea25\" data-element_type=\"widget\" data-widget_type=\"image.default\">\n\t\t\t\t<div class=\"elementor-widget-container\">\n\t\t\t\t\t\t\t\t\t\t\t\t\t<img fetchpriority=\"high\" decoding=\"async\" width=\"750\" height=\"500\" src=\"https:\/\/www.haagsma.frl\/wp-content\/uploads\/2022\/08\/heeg-1-1024x683.jpg\" class=\"attachment-large size-large wp-image-262\" alt=\"\" srcset=\"https:\/\/www.haagsma.frl\/wp-content\/uploads\/2022\/08\/heeg-1-1024x683.jpg 1024w, https:\/\/www.haagsma.frl\/wp-content\/uploads\/2022\/08\/heeg-1-300x200.jpg 300w, https:\/\/www.haagsma.frl\/wp-content\/uploads\/2022\/08\/heeg-1-768x512.jpg 768w, https:\/\/www.haagsma.frl\/wp-content\/uploads\/2022\/08\/heeg-1.jpg 1417w\" sizes=\"(max-width: 750px) 100vw, 750px\" \/>\t\t\t\t\t\t\t\t\t\t\t\t\t<\/div>\n\t\t\t\t<\/div>\n\t\t\t\t\t<\/div>\n\t\t<\/div>\n\t\t\t\t\t<\/div>\n\t\t<\/section>\n\t\t\t\t<section class=\"elementor-section elementor-top-section elementor-element elementor-element-a67083d elementor-section-boxed elementor-section-height-default elementor-section-height-default\" data-id=\"a67083d\" data-element_type=\"section\">\n\t\t\t\t\t\t<div class=\"elementor-container elementor-column-gap-default\">\n\t\t\t\t\t<div class=\"elementor-column elementor-col-100 elementor-top-column elementor-element elementor-element-3ad8955\" data-id=\"3ad8955\" data-element_type=\"column\">\n\t\t\t<div class=\"elementor-widget-wrap elementor-element-populated\">\n\t\t\t\t\t\t<section class=\"elementor-section elementor-inner-section elementor-element elementor-element-9c0edf6 elementor-section-boxed elementor-section-height-default elementor-section-height-default\" data-id=\"9c0edf6\" data-element_type=\"section\">\n\t\t\t\t\t\t<div class=\"elementor-container elementor-column-gap-default\">\n\t\t\t\t\t<div class=\"elementor-column elementor-col-50 elementor-inner-column elementor-element elementor-element-818b94e\" data-id=\"818b94e\" data-element_type=\"column\">\n\t\t\t<div class=\"elementor-widget-wrap elementor-element-populated\">\n\t\t\t\t\t\t<div class=\"elementor-element elementor-element-b57861a elementor-widget elementor-widget-image\" data-id=\"b57861a\" data-element_type=\"widget\" data-widget_type=\"image.default\">\n\t\t\t\t<div class=\"elementor-widget-container\">\n\t\t\t\t\t\t\t\t\t\t\t\t\t<img decoding=\"async\" width=\"750\" height=\"500\" src=\"https:\/\/www.haagsma.frl\/wp-content\/uploads\/2022\/08\/heeg100.jpg\" class=\"attachment-large size-large wp-image-265\" alt=\"\" srcset=\"https:\/\/www.haagsma.frl\/wp-content\/uploads\/2022\/08\/heeg100.jpg 850w, https:\/\/www.haagsma.frl\/wp-content\/uploads\/2022\/08\/heeg100-300x200.jpg 300w, https:\/\/www.haagsma.frl\/wp-content\/uploads\/2022\/08\/heeg100-768x512.jpg 768w\" sizes=\"(max-width: 750px) 100vw, 750px\" \/>\t\t\t\t\t\t\t\t\t\t\t\t\t<\/div>\n\t\t\t\t<\/div>\n\t\t\t\t\t<\/div>\n\t\t<\/div>\n\t\t\t\t<div class=\"elementor-column elementor-col-50 elementor-inner-column elementor-element elementor-element-5fa894b\" data-id=\"5fa894b\" data-element_type=\"column\">\n\t\t\t<div class=\"elementor-widget-wrap elementor-element-populated\">\n\t\t\t\t\t\t<div class=\"elementor-element elementor-element-bdb5d8d elementor-widget elementor-widget-image\" data-id=\"bdb5d8d\" data-element_type=\"widget\" data-widget_type=\"image.default\">\n\t\t\t\t<div class=\"elementor-widget-container\">\n\t\t\t\t\t\t\t\t\t\t\t\t\t<img decoding=\"async\" width=\"750\" height=\"500\" src=\"https:\/\/www.haagsma.frl\/wp-content\/uploads\/2022\/08\/heeg-3-1024x683.jpg\" class=\"attachment-large size-large wp-image-264\" alt=\"\" srcset=\"https:\/\/www.haagsma.frl\/wp-content\/uploads\/2022\/08\/heeg-3-1024x683.jpg 1024w, https:\/\/www.haagsma.frl\/wp-content\/uploads\/2022\/08\/heeg-3-300x200.jpg 300w, https:\/\/www.haagsma.frl\/wp-content\/uploads\/2022\/08\/heeg-3-768x512.jpg 768w, https:\/\/www.haagsma.frl\/wp-content\/uploads\/2022\/08\/heeg-3.jpg 1417w\" sizes=\"(max-width: 750px) 100vw, 750px\" \/>\t\t\t\t\t\t\t\t\t\t\t\t\t<\/div>\n\t\t\t\t<\/div>\n\t\t\t\t\t<\/div>\n\t\t<\/div>\n\t\t\t\t\t<\/div>\n\t\t<\/section>\n\t\t\t\t\t<\/div>\n\t\t<\/div>\n\t\t\t\t\t<\/div>\n\t\t<\/section>\n\t\t\t\t<section class=\"elementor-section elementor-top-section elementor-element elementor-element-b158e00 elementor-section-boxed elementor-section-height-default elementor-section-height-default\" data-id=\"b158e00\" data-element_type=\"section\">\n\t\t\t\t\t\t<div class=\"elementor-container elementor-column-gap-default\">\n\t\t\t\t\t<div class=\"elementor-column elementor-col-50 elementor-top-column elementor-element elementor-element-dfef941\" data-id=\"dfef941\" data-element_type=\"column\">\n\t\t\t<div class=\"elementor-widget-wrap elementor-element-populated\">\n\t\t\t\t\t\t<div class=\"elementor-element elementor-element-ecdbd8e elementor-widget elementor-widget-image\" data-id=\"ecdbd8e\" data-element_type=\"widget\" data-widget_type=\"image.default\">\n\t\t\t\t<div class=\"elementor-widget-container\">\n\t\t\t\t\t\t\t\t\t\t\t\t\t<img loading=\"lazy\" decoding=\"async\" width=\"750\" height=\"500\" src=\"https:\/\/www.haagsma.frl\/wp-content\/uploads\/2022\/08\/heeg111.jpg\" class=\"attachment-large size-large wp-image-276\" alt=\"\" srcset=\"https:\/\/www.haagsma.frl\/wp-content\/uploads\/2022\/08\/heeg111.jpg 850w, https:\/\/www.haagsma.frl\/wp-content\/uploads\/2022\/08\/heeg111-300x200.jpg 300w, https:\/\/www.haagsma.frl\/wp-content\/uploads\/2022\/08\/heeg111-768x512.jpg 768w\" sizes=\"(max-width: 750px) 100vw, 750px\" \/>\t\t\t\t\t\t\t\t\t\t\t\t\t<\/div>\n\t\t\t\t<\/div>\n\t\t\t\t\t<\/div>\n\t\t<\/div>\n\t\t\t\t<div class=\"elementor-column elementor-col-50 elementor-top-column elementor-element elementor-element-65bfd18\" data-id=\"65bfd18\" data-element_type=\"column\">\n\t\t\t<div class=\"elementor-widget-wrap elementor-element-populated\">\n\t\t\t\t\t\t<div class=\"elementor-element elementor-element-8949c25 elementor-widget elementor-widget-image\" data-id=\"8949c25\" data-element_type=\"widget\" data-widget_type=\"image.default\">\n\t\t\t\t<div class=\"elementor-widget-container\">\n\t\t\t\t\t\t\t\t\t\t\t\t\t<img loading=\"lazy\" decoding=\"async\" width=\"750\" height=\"500\" src=\"https:\/\/www.haagsma.frl\/wp-content\/uploads\/2022\/08\/heeg112.jpg\" class=\"attachment-large size-large wp-image-277\" alt=\"\" srcset=\"https:\/\/www.haagsma.frl\/wp-content\/uploads\/2022\/08\/heeg112.jpg 850w, https:\/\/www.haagsma.frl\/wp-content\/uploads\/2022\/08\/heeg112-300x200.jpg 300w, https:\/\/www.haagsma.frl\/wp-content\/uploads\/2022\/08\/heeg112-768x512.jpg 768w\" sizes=\"(max-width: 750px) 100vw, 750px\" \/>\t\t\t\t\t\t\t\t\t\t\t\t\t<\/div>\n\t\t\t\t<\/div>\n\t\t\t\t\t<\/div>\n\t\t<\/div>\n\t\t\t\t\t<\/div>\n\t\t<\/section>\n\t\t\t\t<section class=\"elementor-section elementor-top-section elementor-element elementor-element-5a0cb2b elementor-section-boxed elementor-section-height-default elementor-section-height-default\" data-id=\"5a0cb2b\" data-element_type=\"section\">\n\t\t\t\t\t\t<div class=\"elementor-container elementor-column-gap-default\">\n\t\t\t\t\t<div class=\"elementor-column elementor-col-50 elementor-top-column elementor-element elementor-element-4871eb9\" data-id=\"4871eb9\" data-element_type=\"column\">\n\t\t\t<div class=\"elementor-widget-wrap elementor-element-populated\">\n\t\t\t\t\t\t<div class=\"elementor-element elementor-element-619c774 elementor-widget elementor-widget-image\" data-id=\"619c774\" data-element_type=\"widget\" data-widget_type=\"image.default\">\n\t\t\t\t<div class=\"elementor-widget-container\">\n\t\t\t\t\t\t\t\t\t\t\t\t\t<img loading=\"lazy\" decoding=\"async\" width=\"750\" height=\"500\" src=\"https:\/\/www.haagsma.frl\/wp-content\/uploads\/2022\/08\/heeg113.jpg\" class=\"attachment-large size-large wp-image-278\" alt=\"\" srcset=\"https:\/\/www.haagsma.frl\/wp-content\/uploads\/2022\/08\/heeg113.jpg 850w, https:\/\/www.haagsma.frl\/wp-content\/uploads\/2022\/08\/heeg113-300x200.jpg 300w, https:\/\/www.haagsma.frl\/wp-content\/uploads\/2022\/08\/heeg113-768x512.jpg 768w\" sizes=\"(max-width: 750px) 100vw, 750px\" \/>\t\t\t\t\t\t\t\t\t\t\t\t\t<\/div>\n\t\t\t\t<\/div>\n\t\t\t\t\t<\/div>\n\t\t<\/div>\n\t\t\t\t<div class=\"elementor-column elementor-col-50 elementor-top-column elementor-element elementor-element-ecb2cdc\" data-id=\"ecb2cdc\" data-element_type=\"column\">\n\t\t\t<div class=\"elementor-widget-wrap elementor-element-populated\">\n\t\t\t\t\t\t<div class=\"elementor-element elementor-element-132cdcc elementor-widget elementor-widget-image\" data-id=\"132cdcc\" data-element_type=\"widget\" data-widget_type=\"image.default\">\n\t\t\t\t<div class=\"elementor-widget-container\">\n\t\t\t\t\t\t\t\t\t\t\t\t\t<img loading=\"lazy\" decoding=\"async\" width=\"750\" height=\"500\" src=\"https:\/\/www.haagsma.frl\/wp-content\/uploads\/2022\/08\/heeg106.jpg\" class=\"attachment-large size-large wp-image-271\" alt=\"\" srcset=\"https:\/\/www.haagsma.frl\/wp-content\/uploads\/2022\/08\/heeg106.jpg 850w, https:\/\/www.haagsma.frl\/wp-content\/uploads\/2022\/08\/heeg106-300x200.jpg 300w, https:\/\/www.haagsma.frl\/wp-content\/uploads\/2022\/08\/heeg106-768x512.jpg 768w\" sizes=\"(max-width: 750px) 100vw, 750px\" \/>\t\t\t\t\t\t\t\t\t\t\t\t\t<\/div>\n\t\t\t\t<\/div>\n\t\t\t\t\t<\/div>\n\t\t<\/div>\n\t\t\t\t\t<\/div>\n\t\t<\/section>\n\t\t\t\t<section class=\"elementor-section elementor-top-section elementor-element elementor-element-71e6ae6 elementor-section-boxed elementor-section-height-default elementor-section-height-default\" data-id=\"71e6ae6\" data-element_type=\"section\">\n\t\t\t\t\t\t<div class=\"elementor-container elementor-column-gap-default\">\n\t\t\t\t\t<div class=\"elementor-column elementor-col-100 elementor-top-column elementor-element elementor-element-29db47b\" data-id=\"29db47b\" data-element_type=\"column\">\n\t\t\t<div class=\"elementor-widget-wrap elementor-element-populated\">\n\t\t\t\t\t\t<div class=\"elementor-element elementor-element-438d8f8 elementor-widget elementor-widget-image\" data-id=\"438d8f8\" data-element_type=\"widget\" data-widget_type=\"image.default\">\n\t\t\t\t<div class=\"elementor-widget-container\">\n\t\t\t\t\t\t\t\t\t\t\t\t\t<img loading=\"lazy\" decoding=\"async\" width=\"750\" height=\"406\" src=\"https:\/\/www.haagsma.frl\/wp-content\/uploads\/2022\/08\/cropped-heeg-2-1.jpg\" class=\"attachment-large size-large wp-image-338\" alt=\"\" srcset=\"https:\/\/www.haagsma.frl\/wp-content\/uploads\/2022\/08\/cropped-heeg-2-1.jpg 940w, https:\/\/www.haagsma.frl\/wp-content\/uploads\/2022\/08\/cropped-heeg-2-1-300x162.jpg 300w, https:\/\/www.haagsma.frl\/wp-content\/uploads\/2022\/08\/cropped-heeg-2-1-768x416.jpg 768w\" sizes=\"(max-width: 750px) 100vw, 750px\" \/>\t\t\t\t\t\t\t\t\t\t\t\t\t<\/div>\n\t\t\t\t<\/div>\n\t\t\t\t\t<\/div>\n\t\t<\/div>\n\t\t\t\t\t<\/div>\n\t\t<\/section>\n\t\t\t\t<section class=\"elementor-section elementor-top-section elementor-element elementor-element-13cf51b elementor-section-boxed elementor-section-height-default elementor-section-height-default\" data-id=\"13cf51b\" data-element_type=\"section\">\n\t\t\t\t\t\t<div class=\"elementor-container elementor-column-gap-default\">\n\t\t\t\t\t<div class=\"elementor-column elementor-col-100 elementor-top-column elementor-element elementor-element-f15a545\" data-id=\"f15a545\" data-element_type=\"column\">\n\t\t\t<div class=\"elementor-widget-wrap elementor-element-populated\">\n\t\t\t\t\t\t<div class=\"elementor-element elementor-element-c93bb58 elementor-widget elementor-widget-image\" data-id=\"c93bb58\" data-element_type=\"widget\" data-widget_type=\"image.default\">\n\t\t\t\t<div class=\"elementor-widget-container\">\n\t\t\t\t\t\t\t\t\t\t\t\t\t<img loading=\"lazy\" decoding=\"async\" width=\"750\" height=\"1017\" src=\"https:\/\/www.haagsma.frl\/wp-content\/uploads\/2023\/11\/kaart-hegermeer-755x1024.png\" class=\"attachment-large size-large wp-image-385\" alt=\"\" srcset=\"https:\/\/www.haagsma.frl\/wp-content\/uploads\/2023\/11\/kaart-hegermeer-755x1024.png 755w, https:\/\/www.haagsma.frl\/wp-content\/uploads\/2023\/11\/kaart-hegermeer-221x300.png 221w, https:\/\/www.haagsma.frl\/wp-content\/uploads\/2023\/11\/kaart-hegermeer-768x1042.png 768w, https:\/\/www.haagsma.frl\/wp-content\/uploads\/2023\/11\/kaart-hegermeer-1132x1536.png 1132w, https:\/\/www.haagsma.frl\/wp-content\/uploads\/2023\/11\/kaart-hegermeer-1509x2048.png 1509w, https:\/\/www.haagsma.frl\/wp-content\/uploads\/2023\/11\/kaart-hegermeer-750x1018.png 750w, https:\/\/www.haagsma.frl\/wp-content\/uploads\/2023\/11\/kaart-hegermeer.png 1608w\" sizes=\"(max-width: 750px) 100vw, 750px\" \/>\t\t\t\t\t\t\t\t\t\t\t\t\t<\/div>\n\t\t\t\t<\/div>\n\t\t\t\t\t<\/div>\n\t\t<\/div>\n\t\t\t\t\t<\/div>\n\t\t<\/section>\n\t\t\t\t<section class=\"elementor-section elementor-top-section elementor-element elementor-element-b4ff94b elementor-section-boxed elementor-section-height-default elementor-section-height-default\" data-id=\"b4ff94b\" data-element_type=\"section\">\n\t\t\t\t\t\t<div class=\"elementor-container elementor-column-gap-default\">\n\t\t\t\t\t<div class=\"elementor-column elementor-col-100 elementor-top-column elementor-element elementor-element-1c2de2d\" data-id=\"1c2de2d\" data-element_type=\"column\">\n\t\t\t<div class=\"elementor-widget-wrap elementor-element-populated\">\n\t\t\t\t\t\t<div class=\"elementor-element elementor-element-be642c1 elementor-widget elementor-widget-text-editor\" data-id=\"be642c1\" data-element_type=\"widget\" data-widget_type=\"text-editor.default\">\n\t\t\t\t<div class=\"elementor-widget-container\">\n\t\t\t\t\t\t\t<h1>Mieten? <a href=\"https:\/\/zoekenboek.waterlandvanfriesland.nl\/de\/unterkunft\/it-eilan-h401\">Suchen sie hier weiter<\/a><\/h1>\t\t\t\t\t\t<\/div>\n\t\t\t\t<\/div>\n\t\t\t\t\t<\/div>\n\t\t<\/div>\n\t\t\t\t\t<\/div>\n\t\t<\/section>\n\t\t\t\t<section class=\"elementor-section elementor-top-section elementor-element elementor-element-294f4da elementor-section-boxed elementor-section-height-default elementor-section-height-default\" data-id=\"294f4da\" data-element_type=\"section\">\n\t\t\t\t\t\t<div class=\"elementor-container elementor-column-gap-default\">\n\t\t\t\t\t<div class=\"elementor-column elementor-col-100 elementor-top-column elementor-element elementor-element-d63109b\" data-id=\"d63109b\" data-element_type=\"column\">\n\t\t\t<div class=\"elementor-widget-wrap elementor-element-populated\">\n\t\t\t\t\t\t<div class=\"elementor-element elementor-element-9b8020e elementor-widget elementor-widget-text-editor\" data-id=\"9b8020e\" data-element_type=\"widget\" data-widget_type=\"text-editor.default\">\n\t\t\t\t<div class=\"elementor-widget-container\">\n\t\t\t\t\t\t\t<h6 style=\"text-align: center;\"><strong><span style=\"color: #999999;\">Vakantiehuisje aan het water in Heeg Friesland.<\/span><br><span style=\"color: #999999;\">Vakantiehuis, Hegermeer<\/span><br><\/strong><\/h6>\n<h6 class=\"module--translations-translatedtext js-module--translations-translatedtext\" style=\"text-align: center;\"><span style=\"color: #999999;\">Ferienhaus Heeg Niederlande, Ferienhaus Friesland Niederlande, Ferienhaus direkt am Wasser<\/span><\/h6>\t\t\t\t\t\t<\/div>\n\t\t\t\t<\/div>\n\t\t\t\t\t<\/div>\n\t\t<\/div>\n\t\t\t\t\t<\/div>\n\t\t<\/section>\n\t\t\t\t<\/div>\n\t\t","protected":false},"excerpt":{"rendered":"<p>Sch\u00f6nes, komfortabel eingerichtetes Ferienhaus direkt am Heegermeer mit sch\u00f6ner Aussicht. Alle Einrichtungen befinden sich im Erdgeschoss. Das Haus ist komplett ausgestattet und ideal f\u00fcr 4 Personen. Das Wohnzimmer verf\u00fcgt \u00fcber eine gem\u00fctliche Sitzecke mit offener K\u00fcche und Essbereich. Von der Couch und von der Terrasse aus k\u00f6nnen Sie auf das Wasser blicken. Die Terrasse ist &hellip; <\/p>\n<p><a class=\"more-link btn\" href=\"https:\/\/www.haagsma.frl\/\">Lees verder<\/a><\/p>\n","protected":false},"author":1,"featured_media":0,"parent":0,"menu_order":0,"comment_status":"closed","ping_status":"closed","template":"","meta":{"footnotes":""},"class_list":["post-302","page","type-page","status-publish","hentry","nodate","item-wrap"],"_links":{"self":[{"href":"https:\/\/www.haagsma.frl\/index.php?rest_route=\/wp\/v2\/pages\/302","targetHints":{"allow":["GET"]}}],"collection":[{"href":"https:\/\/www.haagsma.frl\/index.php?rest_route=\/wp\/v2\/pages"}],"about":[{"href":"https:\/\/www.haagsma.frl\/index.php?rest_route=\/wp\/v2\/types\/page"}],"author":[{"embeddable":true,"href":"https:\/\/www.haagsma.frl\/index.php?rest_route=\/wp\/v2\/users\/1"}],"replies":[{"embeddable":true,"href":"https:\/\/www.haagsma.frl\/index.php?rest_route=%2Fwp%2Fv2%2Fcomments&post=302"}],"version-history":[{"count":59,"href":"https:\/\/www.haagsma.frl\/index.php?rest_route=\/wp\/v2\/pages\/302\/revisions"}],"predecessor-version":[{"id":396,"href":"https:\/\/www.haagsma.frl\/index.php?rest_route=\/wp\/v2\/pages\/302\/revisions\/396"}],"wp:attachment":[{"href":"https:\/\/www.haagsma.frl\/index.php?rest_route=%2Fwp%2Fv2%2Fmedia&parent=302"}],"curies":[{"name":"wp","href":"https:\/\/api.w.org\/{rel}","templated":true}]}}